{"id":64,"date":"2017-10-09T09:38:46","date_gmt":"2017-10-09T09:38:46","guid":{"rendered":"http:\/\/www.proforklift.pro\/?page_id=64"},"modified":"2022-03-03T10:34:28","modified_gmt":"2022-03-03T10:34:28","slug":"hizmetlerimiz","status":"publish","type":"page","link":"https:\/\/www.proforklift.pro\/?page_id=64","title":{"rendered":"Traksiyoner Ak\u00fc Bak\u0131m Yenileme"},"content":{"rendered":"\n<p><strong>Ak\u00fc Yenileme ve Bak\u0131m\u0131n Avantajlar\u0131;<\/strong><\/p>\n\n\n\n<figure class=\"wp-block-image\"><img decoding=\"async\" src=\"https:\/\/ayzeraku.com\/1.jpg\" alt=\"\"\/><\/figure>\n\n\n\n<p>Traksyoner Ak\u00fclerin, bilinen ad\u0131yla forklift ak\u00fclerinin \u00e7al\u0131\u015fma \u015fart ve ko\u015fullar\u0131na ba\u011fl\u0131 performans kay\u0131plar\u0131n\u0131n \u00f6n\u00fcne ge\u00e7mek, ak\u00fclerin kullan\u0131m s\u00fcrelerini uzatmak amac\u0131yla, Ege B\u00f6lgesi Yetkili Sat\u0131\u015f ve Servisi oldu\u011fumuz NuovaElettra&nbsp; Ak\u00fc \u015earj ve&nbsp; Ak\u00fc Bak\u0131m cihazlar\u0131m\u0131zla hizmet vermekteyiz.<\/p>\n\n\n\n<figure class=\"wp-block-image\"><img decoding=\"async\" src=\"https:\/\/ayzeraku.com\/2.jpg\" alt=\"\"\/><\/figure>\n\n\n\n<p><strong>NuovaElettra&nbsp; Bak\u0131m \u015earj Cihazlar\u0131n\u0131n Avantajlar\u0131;<\/strong><\/p>\n\n\n\n<p>&#8211; Ak\u00fclerin \u00f6mr\u00fcn\u00fc iki kat\u0131na \u00e7\u0131kar\u0131r<br>&#8211; Eski bo\u015falm\u0131\u015f ak\u00fclerin kapasitesini yeniler<br>&#8211; Ak\u00fclerin performans verimlili\u011fini b\u00fcy\u00fck \u00f6l\u00e7\u00fcde art\u0131r\u0131r.<br>&#8211; \u015earj edilemeyen ak\u00fcleri \u015farj eder.<br>&#8211; Daha az ve daha k\u0131sa sarj \u00e7evirimi gerektirir.<br>&#8211; Yeniden \u015farjlanmay\u0131 daha h\u0131zl\u0131 yapar.<br>&#8211; \u015earjlanma aras\u0131 \u00e7al\u0131\u015ft\u0131rma s\u00fcresini art\u0131r\u0131r.<br>&#8211; Erken h\u00fccre bozulmas\u0131n\u0131 durdurur.<br>&#8211; \u00c7al\u0131\u015fma vardiyas\u0131 esnas\u0131nda daha az ak\u00fc de\u011fi\u015fikli\u011fi gerektirir.<br>&#8211; Forklift elektrik elemanlar\u0131n\u0131n servis \u00f6mr\u00fcn\u00fc uzat\u0131r ve zarar g\u00f6rmesini engeller.<br>&#8211; Su t\u00fcketimini azalt\u0131r.<\/p>\n\n\n\n<p>Ak\u00fc yenileme ve ak\u00fc bak\u0131m aras\u0131ndaki farkl\u0131l\u0131klar.<\/p>\n\n\n\n<p><strong>Ak\u00fc Yenileme;<\/strong><br>&nbsp;Ak\u00fc yenileme i\u015fleminin ana temel NuovaElettra cihaz\u0131ylas\u00fclfatlanan plakalar\u0131n voltaj ve \u0131s\u0131 kontroll\u00fc olarak yenilenmesidir. Bu i\u015flem yap\u0131ld\u0131\u011f\u0131nda ak\u00fcye ikinci bir \u00f6m\u00fcr kazand\u0131r\u0131l\u0131r. ak\u00fcn\u00fcnsarj etme s\u00fcresi k\u0131salarak ilk g\u00fcn\u00fc performans ve kullan\u0131m s\u00fcresine garantili olarak ula\u015ft\u0131r\u0131l\u0131r. Bu i\u015flem yap\u0131l\u0131rken bak\u0131m uygulamas\u0131n\u0131n tamam\u0131 uygulan\u0131r.<br><strong><br>Ak\u00fc Bak\u0131m;<\/strong><br>&nbsp;Ak\u00fc bak\u0131m i\u015flemi ak\u00fcn\u00fcn kapasitesini ve s\u00fcreklili\u011fi i\u00e7in \u00e7ok \u00f6nemli bir i\u015flemdir. D\u00fczenli bak\u0131mlar\u0131 yap\u0131lan ak\u00fclerin kapasite ve verimliliklerini s\u00fcrekli maksimum seviyede olur. Bak\u0131m i\u015flemi periyodik ve y\u0131ll\u0131k olarak ikiye ayr\u0131l\u0131r.<\/p>\n\n\n\n<p>&#8211; Periyodik bak\u0131m ak\u00fcn\u00fcn s\u00fcrekli kontrol edilmesi ve meydana gelebilecek ar\u0131zalar\u0131n \u00f6nceden tespiti ile muhtemel ar\u0131za ve i\u015fg\u00fcc\u00fc kay\u0131plar\u0131n\u0131n \u00f6nlenmesini sa\u011flar.<\/p>\n\n\n\n<p>&#8211; Maintenance uygulamas\u0131; Ak\u00fcn\u00fcn plakalar\u0131na yap\u0131\u015fan s\u00fclfat\u0131n voltaj ve \u0131s\u0131 kontroll\u00fc olarak \u00e7\u00f6z\u00fclmesini sa\u011flar. Bu i\u015flem kapasiteyi s\u00fcrekli %100 de tutar. B\u00f6ylece ak\u00fcn\u00fcz\u00fcn \u00f6mr\u00fc iki kat\u0131na \u00e7\u0131kar\u0131l\u0131r. Sarj s\u00fcresi k\u0131salaca\u011f\u0131ndan elektrik tasarrufu kullan\u0131m s\u00fcresi artaca\u011f\u0131ndan dolay\u0131 i\u015fg\u00fcc\u00fc kayb\u0131n\u0131n \u00f6nlenmesini sa\u011flar.<\/p>\n\n\n\n<figure class=\"wp-block-table\"><table><tbody><tr><td>&nbsp;<img loading=\"lazy\" decoding=\"async\" alt=\"\" width=\"200\" height=\"150\" src=\"https:\/\/ayzeraku.com\/3.jpg\"><\/td><td>&nbsp;<img loading=\"lazy\" decoding=\"async\" alt=\"\" width=\"200\" height=\"150\" src=\"https:\/\/ayzeraku.com\/4.jpg\"><\/td><td>&nbsp;<img loading=\"lazy\" decoding=\"async\" alt=\"\" width=\"200\" height=\"150\" src=\"https:\/\/ayzeraku.com\/5.jpg\"><\/td><\/tr><tr><td>Yenileme ve Bak\u0131m \u00d6ncesi&nbsp;<\/td><td>&nbsp;Yenileme ve Bak\u0131m \u00d6ncesi<\/td><td>Yenileme ve Bak\u0131m \u00d6ncesi&nbsp;<\/td><\/tr><\/tbody><\/table><\/figure>\n\n\n\n<p>Ak\u00fc yenileme ve bak\u0131m \u015firketlere maliyet tasarrufu sunmaktad\u0131r.<br>&nbsp;NUOVA ELETTRA &#8216;in pratik ve ekonomik avantajlar\u0131, m\u00fc\u015fteriden m\u00fc\u015fteriye de\u011fi\u015fmektedir. \u0130ster b\u00fcy\u00fck \u00e7ok uluslu bir \u015firket olun isterse de k\u00fc\u00e7\u00fck bir aile \u015firketi olun, NUOVA ELETTRA &#8216; \u0131n ekonomik avantajlar\u0131 esast\u0131r. T\u00fcm \u0130\u015fletmeler a\u015fa\u011f\u0131daki kazan\u0131mlara sahip olurlar:<br>&#8211; Daha az sermaye masraf\u0131,<br>&#8211; \u0130yile\u015ftirilmi\u015f verimlilik,<br>&#8211; Daha esnek, verimli \u00fcretici ak\u00fc y\u00f6netimi ,<br>&#8211; Azalt\u0131lm\u0131\u015f enerji maliyetleri.<\/p>\n\n\n\n<p>Bu kazan\u0131mlar, elektriksel ekipman masraflar\u0131n\u0131z\u0131 daha \u00f6nce ula\u015famayaca\u011f\u0131n\u0131z bir d\u00fczeye indirir. NUOVA ELETTRA , en uzun ak\u00fc kullana bilirli\u011fini ve verimlili\u011fini sunar. NUOVA ELETTRA ekipman\u0131, k\u0131sa s\u00fcreli kiralama, uzun s\u00fcreli kiraya verme veya sat\u0131n alma se\u00e7eneklerini sunuyor.<\/p>\n\n\n\n<p>&nbsp;Ak\u00fc yenileme ve bak\u0131m metodu, b\u00fcy\u00fck \u00e7evresel kazan\u0131mlar sa\u011flar;<br>&nbsp;Ak\u00fcn\u00fcn \u00e7al\u0131\u015fma \u00f6mr\u00fcn\u00fc \u00f6nemli \u00f6l\u00e7\u00fcde uzatarak, ak\u00fc at\u0131k seviyesini azaltabilirsiniz. Kur\u015fun ve asit desarj\u0131 azalt\u0131l\u0131r. Bu pozitif \u00e7evre etkisi ISO 1400 \u00e7evre standard\u0131 i\u00e7in belgelenmeye do\u011fru bir ad\u0131md\u0131r.<\/p>\n\n\n\n<p><strong>&nbsp;\u00c7evre avantajlar\u0131;<\/strong><br>&#8211; \u00c7evreye daha az kur\u015fun atma<br>&#8211; \u00c7evre cezalar\u0131 \/ para cezalar\u0131n\u0131 \u00f6nleme<br>&#8211; At\u0131k ta\u015f\u0131ma maliyetlerini azaltma<br>&#8211; \u0130yile\u015ftirlimi\u015f \u00e7evre imaj\u0131<br><strong><br>Verimlilik k\u0131yaslamas\u0131<\/strong><br>Ak\u00fclerin plakalar\u0131na yap\u0131\u015fan s\u00fclfat ak\u00fc kapasitesini d\u00fc\u015f\u00fcrmektedir. NuovaElettra cihaz\u0131ylas\u00fclfatlama \u00e7\u00f6z\u00fcld\u00fc\u011f\u00fcnde ak\u00fcn\u00fcz tam kapasiteye ula\u015f\u0131r. B\u00f6ylece verimlilik % 100 olur ve i\u015f g\u00fcc\u00fc kayb\u0131 \u00f6nlenmi\u015f olur.<br><br><strong><br>Ak\u00fc \u015farjlama zaman\u0131<\/strong><br>Ak\u00fclerin plakalar\u0131na yap\u0131\u015fan s\u00fclfat ak\u00fc \u015farj s\u00fcresinin uzamas\u0131na ve elektrik sarfiyat\u0131n\u0131n 1.5 ile 2 kat artmas\u0131na sebebiyet verir. Dora ak\u00fc ile sarfiyat\u0131n \u00f6n\u00fcne ge\u00e7ebilir. \u0130\u015f g\u00fcc\u00fc kayb\u0131n\u0131 minimum seviyeye indirebilirsiniz.<\/p>\n\n\n\n<p><strong>Ak\u00fc yenileme ve bak\u0131m i\u015fleminin basitle\u015ftirilmi\u015f bir a\u00e7\u0131klamas\u0131;<\/strong><br>Bir ak\u00fcn\u00fcn enerjisi normal \u00e7al\u0131\u015fma d\u00f6ng\u00fcleri s\u0131ras\u0131nda bo\u015falt\u0131l\u0131yor ve yeniden dolduruluyorsa, elektrotlarda giderek s\u00fclfat kristalleri olu\u015fur ve bunlar ak\u00fcn\u00fcn etkili bi\u00e7imde ak\u0131m vermesini engeller bu kristaller, ak\u00fcy\u00fc &#8220;bo\u011farlar&#8221;.<\/p>\n\n\n\n<p>\u00c7o\u011fu \u015farj cihaz\u0131 ak\u00fcleri, h\u0131zl\u0131 yeniden doldurma ihtiyac\u0131 oldu\u011fu i\u00e7in erken eskiyecek \u015fekilde \u00e7al\u0131\u015f\u0131rlar. Ak\u00fc her bo\u015fald\u0131\u011f\u0131nda, s\u00fclfat \u00fcretimine yol a\u00e7an proses yeniden ba\u015flar. Bu, s\u00fclfatlanma, ak\u00fcn\u00fcn enerji almas\u0131n\u0131 ve vermesini engeller. S\u00fclfatlanm\u0131\u015f bir ak\u00fc dolduruldu\u011fu zaman, \u0131s\u0131n\u0131r ve su kayb\u0131n\u0131n artmas\u0131na neden olur. Bu durum kur\u015fun-s\u00fclfat tortular\u0131n\u0131n sert ve k\u0131r\u0131lgan olmas\u0131na sebep olur. Kolayca ak\u00fc bo\u015flu\u011funun i\u00e7ine d\u00fc\u015ferek h\u00fccre bozulmas\u0131, k\u0131sa devre ve olas\u0131 mekanik hasarlara yol a\u00e7arlar. Bu problem, \u015farj \u00e7evrimlerinin s\u0131kl\u0131\u011f\u0131ndan dolay\u0131 \u00f6zellikle elektrikli \u015farj \u00e7evrimlerinin forklift ara\u00e7lar\u0131nda kendini g\u00f6sterir<\/p>\n\n\n\n<figure class=\"wp-block-image\"><img decoding=\"async\" src=\"https:\/\/ayzeraku.com\/12.jpg\" alt=\"\"\/><\/figure>\n\n\n\n<p>NUOVA ELETTRA&nbsp; ak\u00fc yenileyici, kur\u015fun asit, nikel-kadmiyum ve jell ak\u00fclerin kullan\u0131m \u00f6mr\u00fcn\u00fc uzatmak ve kaybolan kapasiteyi yenilemek i\u00e7in tasarlanm\u0131\u015f \u00f6zel ve devrim niteli\u011finde bir yeniliktir. NUOVA ELETTRA&nbsp; ak\u00fc yenileme i\u015flemi en iyi elektro kimyasal s\u00fclfat d\u00f6n\u00fc\u015ft\u00fcrme olarak tan\u0131mlanabilir. NUOVA ELETTRA , alternatif frekans s\u0131ralar\u0131 halinde dikkatli bir kontrol\u00fc \u00e7evrim esnas\u0131nda olduk\u00e7a g\u00fc\u00e7l\u00fc bir tepe ak\u0131m\u0131 veren bilgisayar kontroll\u00fc bir sistem kullan\u0131r. Sonu\u00e7 olarak ak\u00fc i\u00e7inde s\u00fclfatlanma da\u011f\u0131l\u0131r ve kur\u015fun levhalar\u0131 s\u00fclfat\u0131 serbest ve enerjisiz b\u0131rakan aktif maddeye d\u00f6n\u00fc\u015ft\u00fcr\u00fcr. NUOVA ELETTRA , bir \u015farj \u00e7evrimi ile \u00e7al\u0131\u015f\u0131r. Yenileme\/\u015earj \u00e7evrimleri, ak\u00fcn\u00fcn ya\u015f\u0131na ve durumuna ba\u011fl\u0131 olarak de\u011fi\u015febilir. Yenileme&#8217; den sonra, ak\u00fc tam olarak dolar ve kullan\u0131ma haz\u0131r hale gelir.<\/p>\n\n\n\n<figure class=\"wp-block-image\"><img decoding=\"async\" src=\"https:\/\/ayzeraku.com\/13.jpg\" alt=\"\"\/><\/figure>\n\n\n\n<p>Testler, NUOVA ELETTRA&nbsp; metodunun, s\u00fclfat kristelle\u015fmisinin mevcudiyetini %95&#8217;e kadar azaltabilece\u011fini g\u00f6stermektedir. NUOVA ELETTRA &#8216;\u0131n eski, a\u011f\u0131r s\u00fclfatlanmaya u\u011fram\u0131\u015f, kullan\u0131lamayan ak\u00fclerdeki kapasiteyi yeni bir ak\u00fcye k\u0131yaslanabilir bir kapasite getirdi\u011fi kan\u0131tlanm\u0131\u015ft\u0131r. Ancak, bu metod, ak\u00fcn\u00fcn ilk kullan\u0131m y\u0131llar\u0131nda uyguland\u0131\u011f\u0131 taktirde en iyi sonu\u00e7lar\u0131 vermektedir. B\u00f6ylece h\u00fccre bozulmas\u0131, k\u0131sa devre ve mekanik hasar\u0131n \u00f6n\u00fcne ge\u00e7ilmekte ve ak\u00fcleriniz y\u0131llarca birinci s\u0131n\u0131f durumda tutulabilmektedir.<\/p>\n\n\n\n<p><strong>Ak\u00fc \u00d6mr\u00fcn\u00fcn Uzat\u0131lmas\u0131<\/strong><br>Yeni ak\u00fclerinizin kullanma \u00f6mr\u00fcn\u00fc iki kat\u0131na \u00e7\u0131karman\u0131n ve ayn\u0131 anda elektriksel ekipman\u0131n bak\u0131m maliyetlerini azaltabilmenin m\u00fcmk\u00fcn oldu\u011funu biliyor muydunuz ?<\/p>\n\n\n\n<figure class=\"wp-block-image\"><img decoding=\"async\" src=\"https:\/\/ayzeraku.com\/18.jpg\" alt=\"\"\/><\/figure>\n\n\n\n<p>&nbsp;Programl\u0131 bir NuovaElettra bak\u0131mregen&#8217;i ile yeni ak\u00fcn\u00fcz\u00fcn kullanma \u00f6mr\u00fcn\u00fc iki kat\u0131na \u00e7\u0131karmak ve kapasitesini, verimlil\u011fini s\u00fcrekli olarak maksimuma indirmek art\u0131k m\u00fcmk\u00fcn. Yeni ak\u00fcler i\u00e7in, programl\u0131 bir bak\u0131m regen&#8217;i \u00f6neriyoruz; bu bak\u0131m\u0131n tamamlanmas\u0131 genellikle 24 saat al\u0131r ve her y\u0131l yap\u0131lmas\u0131 gerekir. Bu programa uyarsan\u0131z daha h\u0131zl\u0131 sarj yapabilir. daha az elektrik sarfiyat\u0131 daha az ak\u00fc de\u011fi\u015fikli\u011fi ve daha az duru\u015f\/ kay\u0131p zaman\u0131 ya\u015fars\u0131n\u0131z.<\/p>\n\n\n\n<p>&nbsp;NUOVA ELETTRA&nbsp; prosesi, sadece ak\u00fclerinizin y\u0131llarca optimum kapasitede \u00e7al\u0131\u015fmas\u0131n\u0131 sa\u011flamaz, ayn\u0131 zamanda ekipman bak\u0131m&nbsp; maliyetlerinin&nbsp; de&nbsp; azalmas\u0131na yard\u0131mc\u0131 olur. \u00d6zellikle zay\u0131f h\u00fccre ve s\u00fclfatlanma d\u00fc\u015f\u00fck gerilim ve y\u00fcksek amperlenmeye yol a\u00e7ar. Bu durumun elektriksel ekipmankomponentlerinde erken anzaya yol a\u00e7t\u0131\u011f\u0131 bilimsel olarak<br>&nbsp;kan\u0131tlanm\u0131\u015ft\u0131r.<\/p>\n\n\n\n<p>Ak\u00fc yenileme cihaz\u0131 eskimi\u015f ak\u00fclerinize can veriyor&#8230;<\/p>\n\n\n\n<p>&nbsp;NUOVA ELETTRA&nbsp; iyile\u015ftirme yenilemesi, optimum seviyelerinin \u00e7ok alt\u0131nda \u00e7al\u0131\u015fan veya a\u011firs\u00fclfatlanma olu\u015fumundan dolay\u0131 kullan\u0131lamaz hale gelen eski ak\u00fcleriniz i\u00e7in tasarlanm\u0131\u015ft\u0131r. \u0130yile\u015ftirme yenilemesi normal \u015farj kabul etmeyen ak\u00fclerin islah edilmesinde de kullan\u0131labilir ki bu konvansiyonel ve hatta \u015foklu \u015farjlay\u0131c\u0131lar ile \u015fimdiye kadar elde edilemeyen bir sonu\u00e7tur. Bir iyile\u015ftirme yenilemesi genellikle 48 saat s\u00fcrer, ancak ak\u00fc \u00e7ok k\u00f6t\u00fc durumda ise daha fazla zaman gerektirebilir. \u0130\u015flem tamamland\u0131\u011f\u0131nda ak\u00fc tamamen dolmu\u015f ve kullan\u0131ma haz\u0131r hale gelir. D\u00f6rt y\u0131ldan fazla kullan\u0131lm\u0131\u015f olan ak\u00fcler, \u00e7abuk bozulma e\u011filimindedir. Bunun en yayg\u0131n sebebi, erken h\u00fccre bozulmas\u0131 ve k\u0131sa devrelenmeye yol a\u00e7an a\u011f\u0131r s\u00fclfatlanmad\u0131r. Eskiden tek \u00e7\u00f6z\u00fcm ak\u00fcy\u00fc veya ar\u0131zal\u0131 h\u00fccreleri de\u011fi\u015ftirmekti; bu i\u015flem pahal\u0131 ve ak\u00fcde kalan h\u00fccreler a\u011f\u0131r bir \u015fekilde s\u00fclfatland\u0131\u011f\u0131 i\u00e7in pek de ba\u015far\u0131l\u0131 de\u011fildi ve aynca zay\u0131f performans\u0131 ile \u00f6l\u00e7\u00fcde duzensiz diren\u00e7 olu\u015fumuna neden oluyordu. Yenileme h\u00fccre de\u011fi\u015fimi ihtiyac\u0131n\u0131 azalt\u0131rken, h\u00fccrelerde mekanik ar\u0131za olmas\u0131 durumunda h\u00fccre de\u011fi\u015ftirerek de kullan\u0131labilir. Bu i\u015flem, kalan h\u00fccrelerde s\u00fclfatlanmay\u0131 gidermekte gerilim dalgalanmalar\u0131n\u0131 duzenlemekteboylece ak\u00fcn\u00fcze yeni bir \u00f6m\u00fcr kazand\u0131rmaktad\u0131r.<\/p>\n","protected":false},"excerpt":{"rendered":"<p>Ak\u00fc Yenileme ve Bak\u0131m\u0131n Avantajlar\u0131; Traksyoner Ak\u00fclerin, bilinen ad\u0131yla forklift ak\u00fclerinin \u00e7al\u0131\u015fma \u015fart ve ko\u015fullar\u0131na ba\u011fl\u0131 performans kay\u0131plar\u0131n\u0131n \u00f6n\u00fcne ge\u00e7mek, ak\u00fclerin kullan\u0131m s\u00fcrelerini uzatmak amac\u0131yla, Ege B\u00f6lgesi Yetkili Sat\u0131\u015f ve Servisi oldu\u011fumuz NuovaElettra&nbsp; Ak\u00fc \u015earj ve&nbsp; Ak\u00fc Bak\u0131m cihazlar\u0131m\u0131zla hizmet vermekteyiz. NuovaElettra&nbsp; Bak\u0131m \u015earj Cihazlar\u0131n\u0131n Avantajlar\u0131; &#8211; Ak\u00fclerin \u00f6mr\u00fcn\u00fc iki kat\u0131na \u00e7\u0131kar\u0131r&#8211; Eski bo\u015falm\u0131\u015f ak\u00fclerin [&hellip;]<\/p>\n","protected":false},"author":1,"featured_media":0,"parent":0,"menu_order":0,"comment_status":"closed","ping_status":"closed","template":"","meta":{"footnotes":""},"class_list":["post-64","page","type-page","status-publish","hentry"],"_links":{"self":[{"href":"https:\/\/www.proforklift.pro\/index.php?rest_route=\/wp\/v2\/pages\/64","targetHints":{"allow":["GET"]}}],"collection":[{"href":"https:\/\/www.proforklift.pro\/index.php?rest_route=\/wp\/v2\/pages"}],"about":[{"href":"https:\/\/www.proforklift.pro\/index.php?rest_route=\/wp\/v2\/types\/page"}],"author":[{"embeddable":true,"href":"https:\/\/www.proforklift.pro\/index.php?rest_route=\/wp\/v2\/users\/1"}],"replies":[{"embeddable":true,"href":"https:\/\/www.proforklift.pro\/index.php?rest_route=%2Fwp%2Fv2%2Fcomments&post=64"}],"version-history":[{"count":4,"href":"https:\/\/www.proforklift.pro\/index.php?rest_route=\/wp\/v2\/pages\/64\/revisions"}],"predecessor-version":[{"id":443,"href":"https:\/\/www.proforklift.pro\/index.php?rest_route=\/wp\/v2\/pages\/64\/revisions\/443"}],"wp:attachment":[{"href":"https:\/\/www.proforklift.pro\/index.php?rest_route=%2Fwp%2Fv2%2Fmedia&parent=64"}],"curies":[{"name":"wp","href":"https:\/\/api.w.org\/{rel}","templated":true}]}}