{"id":62,"date":"2017-10-09T09:35:45","date_gmt":"2017-10-09T09:35:45","guid":{"rendered":"http:\/\/www.proforklift.pro\/?page_id=62"},"modified":"2022-03-03T11:51:17","modified_gmt":"2022-03-03T11:51:17","slug":"marin-jel-aku","status":"publish","type":"page","link":"https:\/\/www.proforklift.pro\/?page_id=62","title":{"rendered":"Marin Jel Ak\u00fc"},"content":{"rendered":"<p>Prolift Marin Jel ak\u00fcler teknelerde ve motoryatlarda servis ama\u00e7l\u0131 kullan\u0131ma uygun tam kapal\u0131 bak\u0131m gerektirmeyen ak\u00fclerdir. \u00c7evreye zarar vermeyecek \u015fekilde ve kapal\u0131 alanda, tekne i\u00e7erisinde kullan\u0131ma uygun olup s\u0131zd\u0131rmaz yap\u0131dad\u0131r. Ak\u00fclerin d\u0131\u015f kasas\u0131 darbelere ve s\u0131zd\u0131rmazl\u0131\u011fa dayan\u0131kl\u0131 polypropylene malzemeden \u00fcretilmi\u015ftir. \u00c7al\u0131\u015fma s\u0131cakl\u0131k aral\u0131\u011f\u0131 \u015farj esnas\u0131nda 0 ile 40\u00baC, de\u015farj esnas\u0131nda -20 ile 50 \u00baC aras\u0131ndad\u0131r. Rafta bekleme s\u00fcresindeki de\u015farj oran\u0131 \u00e7ok d\u00fc\u015f\u00fckt\u00fcr. T\u00dcV Autria ISO 9001:2008, ISO 14001:2005, ISO 10002:2004 ve T\u00dcV Autria CE kalite ve uygunluk sertifikalar\u0131na sahiptir.<\/p>\n","protected":false},"excerpt":{"rendered":"<p>Prolift Marin Jel ak\u00fcler teknelerde ve motoryatlarda servis ama\u00e7l\u0131 kullan\u0131ma uygun tam kapal\u0131 bak\u0131m gerektirmeyen ak\u00fclerdir. \u00c7evreye zarar vermeyecek \u015fekilde ve kapal\u0131 alanda, tekne i\u00e7erisinde kullan\u0131ma uygun olup s\u0131zd\u0131rmaz yap\u0131dad\u0131r. Ak\u00fclerin d\u0131\u015f kasas\u0131 darbelere ve s\u0131zd\u0131rmazl\u0131\u011fa dayan\u0131kl\u0131 polypropylene malzemeden \u00fcretilmi\u015ftir. \u00c7al\u0131\u015fma s\u0131cakl\u0131k aral\u0131\u011f\u0131 \u015farj esnas\u0131nda 0 ile 40\u00baC, de\u015farj esnas\u0131nda -20 ile 50 \u00baC aras\u0131ndad\u0131r. [&hellip;]<\/p>\n","protected":false},"author":1,"featured_media":0,"parent":0,"menu_order":0,"comment_status":"closed","ping_status":"closed","template":"","meta":{"footnotes":""},"class_list":["post-62","page","type-page","status-publish","hentry"],"_links":{"self":[{"href":"https:\/\/www.proforklift.pro\/index.php?rest_route=\/wp\/v2\/pages\/62","targetHints":{"allow":["GET"]}}],"collection":[{"href":"https:\/\/www.proforklift.pro\/index.php?rest_route=\/wp\/v2\/pages"}],"about":[{"href":"https:\/\/www.proforklift.pro\/index.php?rest_route=\/wp\/v2\/types\/page"}],"author":[{"embeddable":true,"href":"https:\/\/www.proforklift.pro\/index.php?rest_route=\/wp\/v2\/users\/1"}],"replies":[{"embeddable":true,"href":"https:\/\/www.proforklift.pro\/index.php?rest_route=%2Fwp%2Fv2%2Fcomments&post=62"}],"version-history":[{"count":1,"href":"https:\/\/www.proforklift.pro\/index.php?rest_route=\/wp\/v2\/pages\/62\/revisions"}],"predecessor-version":[{"id":63,"href":"https:\/\/www.proforklift.pro\/index.php?rest_route=\/wp\/v2\/pages\/62\/revisions\/63"}],"wp:attachment":[{"href":"https:\/\/www.proforklift.pro\/index.php?rest_route=%2Fwp%2Fv2%2Fmedia&parent=62"}],"curies":[{"name":"wp","href":"https:\/\/api.w.org\/{rel}","templated":true}]}}