{"id":58,"date":"2017-10-09T09:34:19","date_gmt":"2017-10-09T09:34:19","guid":{"rendered":"http:\/\/www.proforklift.pro\/?page_id=58"},"modified":"2022-03-03T11:51:17","modified_gmt":"2022-03-03T11:51:17","slug":"solar-jel-aku","status":"publish","type":"page","link":"https:\/\/www.proforklift.pro\/?page_id=58","title":{"rendered":"Solar Jel Ak\u00fc"},"content":{"rendered":"<p>PROL\u0130FT VRLA Jel ak\u00fcler tam kapal\u0131 bak\u0131m gerektirmeyen ak\u00fclerdir. \u00c7evreye zarar vermeyecek \u015fekilde ve kapal\u0131 alanda kullan\u0131ma uygun olup s\u0131zd\u0131rmaz yap\u0131dad\u0131r. Ak\u00fclerin d\u0131\u015f kasas\u0131 darbelere ve s\u0131zd\u0131rmazl\u0131\u011fa dayan\u0131kl\u0131 polypropylene malzemeden \u00fcretilmi\u015ftir. \u00c7al\u0131\u015fma s\u0131cakl\u0131k aral\u0131\u011f\u0131 \u015farj esnas\u0131nda 0 ile 40\u00baC, de\u015farj esnas\u0131nda -20 ile 50 \u00baC aras\u0131ndad\u0131r. Fotovoltaik sistemlerde kullan\u0131ma uygun solar jel ak\u00fclerdir. T\u00dcV Autria ISO 9001:2008, ISO 14001:2005, ISO 10002:2004 ve T\u00dcV Autria CE kalite ve uygunluk sertifikalar\u0131na sahiptir.<\/p>\n","protected":false},"excerpt":{"rendered":"<p>PROL\u0130FT VRLA Jel ak\u00fcler tam kapal\u0131 bak\u0131m gerektirmeyen ak\u00fclerdir. \u00c7evreye zarar vermeyecek \u015fekilde ve kapal\u0131 alanda kullan\u0131ma uygun olup s\u0131zd\u0131rmaz yap\u0131dad\u0131r. Ak\u00fclerin d\u0131\u015f kasas\u0131 darbelere ve s\u0131zd\u0131rmazl\u0131\u011fa dayan\u0131kl\u0131 polypropylene malzemeden \u00fcretilmi\u015ftir. \u00c7al\u0131\u015fma s\u0131cakl\u0131k aral\u0131\u011f\u0131 \u015farj esnas\u0131nda 0 ile 40\u00baC, de\u015farj esnas\u0131nda -20 ile 50 \u00baC aras\u0131ndad\u0131r. Fotovoltaik sistemlerde kullan\u0131ma uygun solar jel ak\u00fclerdir. T\u00dcV Autria [&hellip;]<\/p>\n","protected":false},"author":1,"featured_media":0,"parent":0,"menu_order":0,"comment_status":"closed","ping_status":"closed","template":"","meta":{"footnotes":""},"class_list":["post-58","page","type-page","status-publish","hentry"],"_links":{"self":[{"href":"https:\/\/www.proforklift.pro\/index.php?rest_route=\/wp\/v2\/pages\/58","targetHints":{"allow":["GET"]}}],"collection":[{"href":"https:\/\/www.proforklift.pro\/index.php?rest_route=\/wp\/v2\/pages"}],"about":[{"href":"https:\/\/www.proforklift.pro\/index.php?rest_route=\/wp\/v2\/types\/page"}],"author":[{"embeddable":true,"href":"https:\/\/www.proforklift.pro\/index.php?rest_route=\/wp\/v2\/users\/1"}],"replies":[{"embeddable":true,"href":"https:\/\/www.proforklift.pro\/index.php?rest_route=%2Fwp%2Fv2%2Fcomments&post=58"}],"version-history":[{"count":1,"href":"https:\/\/www.proforklift.pro\/index.php?rest_route=\/wp\/v2\/pages\/58\/revisions"}],"predecessor-version":[{"id":59,"href":"https:\/\/www.proforklift.pro\/index.php?rest_route=\/wp\/v2\/pages\/58\/revisions\/59"}],"wp:attachment":[{"href":"https:\/\/www.proforklift.pro\/index.php?rest_route=%2Fwp%2Fv2%2Fmedia&parent=58"}],"curies":[{"name":"wp","href":"https:\/\/api.w.org\/{rel}","templated":true}]}}