{"id":461,"date":"2022-03-03T11:32:32","date_gmt":"2022-03-03T11:32:32","guid":{"rendered":"http:\/\/www.proforklift.pro\/?page_id=461"},"modified":"2022-03-03T11:51:17","modified_gmt":"2022-03-03T11:51:17","slug":"forklift-ve-aku-yedek-parca","status":"publish","type":"page","link":"https:\/\/www.proforklift.pro\/?page_id=461","title":{"rendered":"Forklift ve Ak\u00fc Yedek Par\u00e7a"},"content":{"rendered":"\n<p>Her \u00e7e\u015fit ak\u00fc ba\u011flant\u0131 soketleri ve \u00c7\u0131k\u0131\u015f kablolar\u0131<\/p>\n\n\n\n<figure class=\"wp-block-image size-full is-resized\"><a href=\"http:\/\/www.proforklift.pro\/wp-content\/uploads\/2022\/03\/BatteryConnec.jpg\"><img loading=\"lazy\" decoding=\"async\" src=\"http:\/\/www.proforklift.pro\/wp-content\/uploads\/2022\/03\/BatteryConnec.jpg\" alt=\"\" class=\"wp-image-470\" width=\"800\" height=\"395\" srcset=\"https:\/\/www.proforklift.pro\/wp-content\/uploads\/2022\/03\/BatteryConnec.jpg 800w, https:\/\/www.proforklift.pro\/wp-content\/uploads\/2022\/03\/BatteryConnec-300x148.jpg 300w, https:\/\/www.proforklift.pro\/wp-content\/uploads\/2022\/03\/BatteryConnec-768x379.jpg 768w\" sizes=\"auto, (max-width: 800px) 100vw, 800px\" \/><\/a><\/figure>\n\n\n\n<p>Elektrikli ve Dizel Forklift T\u00fcm Yedek Par\u00e7alar\u0131<\/p>\n\n\n\n<div class=\"wp-block-columns is-layout-flex wp-container-core-columns-is-layout-9d6595d7 wp-block-columns-is-layout-flex\">\n<div class=\"wp-block-column is-layout-flow wp-block-column-is-layout-flow\" style=\"flex-basis:100%\">\n<figure class=\"wp-block-gallery has-nested-images columns-default is-cropped wp-block-gallery-1 is-layout-flex wp-block-gallery-is-layout-flex\">\n<figure class=\"wp-block-image size-medium\"><img loading=\"lazy\" decoding=\"async\" width=\"300\" height=\"150\" data-id=\"462\" src=\"http:\/\/www.proforklift.pro\/wp-content\/uploads\/2022\/03\/TireFork-300x150.jpg\" alt=\"\" class=\"wp-image-462\" srcset=\"https:\/\/www.proforklift.pro\/wp-content\/uploads\/2022\/03\/TireFork-300x150.jpg 300w, https:\/\/www.proforklift.pro\/wp-content\/uploads\/2022\/03\/TireFork.jpg 512w\" sizes=\"auto, (max-width: 300px) 100vw, 300px\" \/><\/figure>\n\n\n\n<figure class=\"wp-block-image size-medium\"><img loading=\"lazy\" decoding=\"async\" width=\"300\" height=\"300\" data-id=\"465\" src=\"http:\/\/www.proforklift.pro\/wp-content\/uploads\/2022\/03\/tmb_yedek-parca-300x300.jpg\" alt=\"\" class=\"wp-image-465\" srcset=\"https:\/\/www.proforklift.pro\/wp-content\/uploads\/2022\/03\/tmb_yedek-parca-300x300.jpg 300w, https:\/\/www.proforklift.pro\/wp-content\/uploads\/2022\/03\/tmb_yedek-parca-150x150.jpg 150w, https:\/\/www.proforklift.pro\/wp-content\/uploads\/2022\/03\/tmb_yedek-parca-100x100.jpg 100w, https:\/\/www.proforklift.pro\/wp-content\/uploads\/2022\/03\/tmb_yedek-parca.jpg 400w\" sizes=\"auto, (max-width: 300px) 100vw, 300px\" \/><\/figure>\n\n\n\n<figure class=\"wp-block-image size-medium\"><img loading=\"lazy\" decoding=\"async\" width=\"300\" height=\"300\" data-id=\"463\" src=\"http:\/\/www.proforklift.pro\/wp-content\/uploads\/2022\/03\/tmb_yedek-parca_1-300x300.jpg\" alt=\"\" class=\"wp-image-463\" srcset=\"https:\/\/www.proforklift.pro\/wp-content\/uploads\/2022\/03\/tmb_yedek-parca_1-300x300.jpg 300w, https:\/\/www.proforklift.pro\/wp-content\/uploads\/2022\/03\/tmb_yedek-parca_1-150x150.jpg 150w, https:\/\/www.proforklift.pro\/wp-content\/uploads\/2022\/03\/tmb_yedek-parca_1-100x100.jpg 100w, https:\/\/www.proforklift.pro\/wp-content\/uploads\/2022\/03\/tmb_yedek-parca_1.jpg 400w\" sizes=\"auto, (max-width: 300px) 100vw, 300px\" \/><\/figure>\n\n\n\n<figure class=\"wp-block-image size-medium\"><img loading=\"lazy\" decoding=\"async\" width=\"300\" height=\"300\" data-id=\"467\" src=\"http:\/\/www.proforklift.pro\/wp-content\/uploads\/2022\/03\/tmb_yedek-parca_3-300x300.jpg\" alt=\"\" class=\"wp-image-467\" srcset=\"https:\/\/www.proforklift.pro\/wp-content\/uploads\/2022\/03\/tmb_yedek-parca_3-300x300.jpg 300w, https:\/\/www.proforklift.pro\/wp-content\/uploads\/2022\/03\/tmb_yedek-parca_3-150x150.jpg 150w, https:\/\/www.proforklift.pro\/wp-content\/uploads\/2022\/03\/tmb_yedek-parca_3-100x100.jpg 100w, https:\/\/www.proforklift.pro\/wp-content\/uploads\/2022\/03\/tmb_yedek-parca_3.jpg 400w\" sizes=\"auto, (max-width: 300px) 100vw, 300px\" \/><\/figure>\n\n\n\n<figure class=\"wp-block-image size-medium\"><img loading=\"lazy\" decoding=\"async\" width=\"300\" height=\"300\" data-id=\"466\" src=\"http:\/\/www.proforklift.pro\/wp-content\/uploads\/2022\/03\/tmb_yedek-parca_4-300x300.jpg\" alt=\"\" class=\"wp-image-466\" srcset=\"https:\/\/www.proforklift.pro\/wp-content\/uploads\/2022\/03\/tmb_yedek-parca_4-300x300.jpg 300w, https:\/\/www.proforklift.pro\/wp-content\/uploads\/2022\/03\/tmb_yedek-parca_4-150x150.jpg 150w, https:\/\/www.proforklift.pro\/wp-content\/uploads\/2022\/03\/tmb_yedek-parca_4-100x100.jpg 100w, https:\/\/www.proforklift.pro\/wp-content\/uploads\/2022\/03\/tmb_yedek-parca_4.jpg 400w\" sizes=\"auto, (max-width: 300px) 100vw, 300px\" \/><\/figure>\n\n\n\n<figure class=\"wp-block-image size-medium\"><img loading=\"lazy\" decoding=\"async\" width=\"300\" height=\"300\" data-id=\"464\" src=\"http:\/\/www.proforklift.pro\/wp-content\/uploads\/2022\/03\/tmb_yedek-parca_5-300x300.jpg\" alt=\"\" class=\"wp-image-464\" srcset=\"https:\/\/www.proforklift.pro\/wp-content\/uploads\/2022\/03\/tmb_yedek-parca_5-300x300.jpg 300w, https:\/\/www.proforklift.pro\/wp-content\/uploads\/2022\/03\/tmb_yedek-parca_5-150x150.jpg 150w, https:\/\/www.proforklift.pro\/wp-content\/uploads\/2022\/03\/tmb_yedek-parca_5-100x100.jpg 100w, https:\/\/www.proforklift.pro\/wp-content\/uploads\/2022\/03\/tmb_yedek-parca_5.jpg 400w\" sizes=\"auto, (max-width: 300px) 100vw, 300px\" \/><\/figure>\n<\/figure>\n<\/div>\n<\/div>\n","protected":false},"excerpt":{"rendered":"<p>Her \u00e7e\u015fit ak\u00fc ba\u011flant\u0131 soketleri ve \u00c7\u0131k\u0131\u015f kablolar\u0131 Elektrikli ve Dizel Forklift T\u00fcm Yedek Par\u00e7alar\u0131<\/p>\n","protected":false},"author":1,"featured_media":0,"parent":0,"menu_order":0,"comment_status":"closed","ping_status":"closed","template":"","meta":{"footnotes":""},"class_list":["post-461","page","type-page","status-publish","hentry"],"_links":{"self":[{"href":"https:\/\/www.proforklift.pro\/index.php?rest_route=\/wp\/v2\/pages\/461","targetHints":{"allow":["GET"]}}],"collection":[{"href":"https:\/\/www.proforklift.pro\/index.php?rest_route=\/wp\/v2\/pages"}],"about":[{"href":"https:\/\/www.proforklift.pro\/index.php?rest_route=\/wp\/v2\/types\/page"}],"author":[{"embeddable":true,"href":"https:\/\/www.proforklift.pro\/index.php?rest_route=\/wp\/v2\/users\/1"}],"replies":[{"embeddable":true,"href":"https:\/\/www.proforklift.pro\/index.php?rest_route=%2Fwp%2Fv2%2Fcomments&post=461"}],"version-history":[{"count":4,"href":"https:\/\/www.proforklift.pro\/index.php?rest_route=\/wp\/v2\/pages\/461\/revisions"}],"predecessor-version":[{"id":473,"href":"https:\/\/www.proforklift.pro\/index.php?rest_route=\/wp\/v2\/pages\/461\/revisions\/473"}],"wp:attachment":[{"href":"https:\/\/www.proforklift.pro\/index.php?rest_route=%2Fwp%2Fv2%2Fmedia&parent=461"}],"curies":[{"name":"wp","href":"https:\/\/api.w.org\/{rel}","templated":true}]}}