{"id":446,"date":"2022-03-03T10:38:02","date_gmt":"2022-03-03T10:38:02","guid":{"rendered":"http:\/\/www.proforklift.pro\/?page_id=446"},"modified":"2022-03-03T11:51:17","modified_gmt":"2022-03-03T11:51:17","slug":"forklift-satis","status":"publish","type":"page","link":"https:\/\/www.proforklift.pro\/?page_id=446","title":{"rendered":"Forklift Sat\u0131\u015f"},"content":{"rendered":"\n<p>\u0130htiyac\u0131n\u0131z olan Dizel, Elektrikli Forklift ve Depo ekipmanlar\u0131 i\u00e7in bizimle ileti\u015fime ge\u00e7ebilirsiniz.<\/p>\n","protected":false},"excerpt":{"rendered":"<p>\u0130htiyac\u0131n\u0131z olan Dizel, Elektrikli Forklift ve Depo ekipmanlar\u0131 i\u00e7in bizimle ileti\u015fime ge\u00e7ebilirsiniz.<\/p>\n","protected":false},"author":1,"featured_media":0,"parent":0,"menu_order":0,"comment_status":"closed","ping_status":"closed","template":"","meta":{"footnotes":""},"class_list":["post-446","page","type-page","status-publish","hentry"],"_links":{"self":[{"href":"https:\/\/www.proforklift.pro\/index.php?rest_route=\/wp\/v2\/pages\/446","targetHints":{"allow":["GET"]}}],"collection":[{"href":"https:\/\/www.proforklift.pro\/index.php?rest_route=\/wp\/v2\/pages"}],"about":[{"href":"https:\/\/www.proforklift.pro\/index.php?rest_route=\/wp\/v2\/types\/page"}],"author":[{"embeddable":true,"href":"https:\/\/www.proforklift.pro\/index.php?rest_route=\/wp\/v2\/users\/1"}],"replies":[{"embeddable":true,"href":"https:\/\/www.proforklift.pro\/index.php?rest_route=%2Fwp%2Fv2%2Fcomments&post=446"}],"version-history":[{"count":1,"href":"https:\/\/www.proforklift.pro\/index.php?rest_route=\/wp\/v2\/pages\/446\/revisions"}],"predecessor-version":[{"id":447,"href":"https:\/\/www.proforklift.pro\/index.php?rest_route=\/wp\/v2\/pages\/446\/revisions\/447"}],"wp:attachment":[{"href":"https:\/\/www.proforklift.pro\/index.php?rest_route=%2Fwp%2Fv2%2Fmedia&parent=446"}],"curies":[{"name":"wp","href":"https:\/\/api.w.org\/{rel}","templated":true}]}}