{"id":441,"date":"2022-03-03T10:33:20","date_gmt":"2022-03-03T10:33:20","guid":{"rendered":"http:\/\/www.proforklift.pro\/?page_id=441"},"modified":"2022-03-03T11:51:17","modified_gmt":"2022-03-03T11:51:17","slug":"forklift-bakim-ve-onarim","status":"publish","type":"page","link":"https:\/\/www.proforklift.pro\/?page_id=441","title":{"rendered":"Forklift Bak\u0131m ve Onar\u0131m"},"content":{"rendered":"\n<figure class=\"wp-block-image\"><img decoding=\"async\" src=\"https:\/\/ayzeraku.com\/ayzers.jpg\" alt=\"\"\/><\/figure>\n\n\n\n<p>Yetkin teknik kadromuz ve alternatifli yedek par\u00e7a temin opsiyonlar\u0131m\u0131zla 7\/24 servis ve bak\u0131m hizmetini beklentilerinize en h\u0131zl\u0131 \u015fekilde kar\u015f\u0131lamay\u0131 ama\u00e7l\u0131yoruz. Uzman teknisyenlerimiz ar\u0131zay\u0131 en k\u0131sa s\u00fcrede bulmakta ve en ekonomik \u015fekilde \u00e7\u00f6zmektedir.Ger\u00e7ekle\u015ftirmi\u015f oldu\u011fumuz global anla\u015fmalarla stoklar\u0131m\u0131zda bulunmayan ve yurt d\u0131\u015f\u0131 sipari\u015fi gerektiren hallerde 5-7 i\u015f g\u00fcn\u00fc i\u00e7erisinde her t\u00fcrl\u00fc yedek par\u00e7ay\u0131 temin ve tedarik ediyoruz.<br>\u0130\u015fyerinde veya gezici bak\u0131m ve kurtarma ekibi ile servis hizmeti verme, kaliteli ve garantili revizyon.Y\u0131ll\u0131k veya d\u00f6nemsel periyodik bak\u0131m anla\u015fmas\u0131, Komple firma servis anla\u015fmas\u0131, 250 saat, 500 saat periyodik bak\u0131m hizmetleri, bizlerin PROL\u0130FT olarak Servis alan\u0131nda ki sloganlar\u0131m\u0131zd\u0131r.<\/p>\n","protected":false},"excerpt":{"rendered":"<p>Yetkin teknik kadromuz ve alternatifli yedek par\u00e7a temin opsiyonlar\u0131m\u0131zla 7\/24 servis ve bak\u0131m hizmetini beklentilerinize en h\u0131zl\u0131 \u015fekilde kar\u015f\u0131lamay\u0131 ama\u00e7l\u0131yoruz. Uzman teknisyenlerimiz ar\u0131zay\u0131 en k\u0131sa s\u00fcrede bulmakta ve en ekonomik \u015fekilde \u00e7\u00f6zmektedir.Ger\u00e7ekle\u015ftirmi\u015f oldu\u011fumuz global anla\u015fmalarla stoklar\u0131m\u0131zda bulunmayan ve yurt d\u0131\u015f\u0131 sipari\u015fi gerektiren hallerde 5-7 i\u015f g\u00fcn\u00fc i\u00e7erisinde her t\u00fcrl\u00fc yedek par\u00e7ay\u0131 temin ve tedarik ediyoruz.\u0130\u015fyerinde [&hellip;]<\/p>\n","protected":false},"author":1,"featured_media":0,"parent":0,"menu_order":0,"comment_status":"closed","ping_status":"closed","template":"","meta":{"footnotes":""},"class_list":["post-441","page","type-page","status-publish","hentry"],"_links":{"self":[{"href":"https:\/\/www.proforklift.pro\/index.php?rest_route=\/wp\/v2\/pages\/441","targetHints":{"allow":["GET"]}}],"collection":[{"href":"https:\/\/www.proforklift.pro\/index.php?rest_route=\/wp\/v2\/pages"}],"about":[{"href":"https:\/\/www.proforklift.pro\/index.php?rest_route=\/wp\/v2\/types\/page"}],"author":[{"embeddable":true,"href":"https:\/\/www.proforklift.pro\/index.php?rest_route=\/wp\/v2\/users\/1"}],"replies":[{"embeddable":true,"href":"https:\/\/www.proforklift.pro\/index.php?rest_route=%2Fwp%2Fv2%2Fcomments&post=441"}],"version-history":[{"count":2,"href":"https:\/\/www.proforklift.pro\/index.php?rest_route=\/wp\/v2\/pages\/441\/revisions"}],"predecessor-version":[{"id":444,"href":"https:\/\/www.proforklift.pro\/index.php?rest_route=\/wp\/v2\/pages\/441\/revisions\/444"}],"wp:attachment":[{"href":"https:\/\/www.proforklift.pro\/index.php?rest_route=%2Fwp%2Fv2%2Fmedia&parent=441"}],"curies":[{"name":"wp","href":"https:\/\/api.w.org\/{rel}","templated":true}]}}