{"id":439,"date":"2022-03-03T10:31:27","date_gmt":"2022-03-03T10:31:27","guid":{"rendered":"http:\/\/www.proforklift.pro\/?page_id=439"},"modified":"2022-03-03T11:51:17","modified_gmt":"2022-03-03T11:51:17","slug":"elektronik-kart-tamiri","status":"publish","type":"page","link":"https:\/\/www.proforklift.pro\/?page_id=439","title":{"rendered":"Elektronik Kart Tamiri"},"content":{"rendered":"\n<h3 class=\"wp-block-heading\">Kart Tamiri<\/h3>\n\n\n\n<p>Tamiri yap\u0131lan t\u00fcm sistemlerin yaz\u0131l\u0131m yedeklemesi yap\u0131l\u0131r ve orjinal yedek par\u00e7a kullan\u0131l\u0131r.<br>Geli\u015fmi\u015f s\u00f6kme takma cihaz ve aparatlar\u0131yla PCB&#8217;nin hasar g\u00f6rmesi \u00f6nlenir.<\/p>\n\n\n\n<p>Elektronik laboratuar\u0131m\u0131z onar\u0131m\u0131n\u0131 yapt\u0131\u011f\u0131 forklift elektronik sistemlerinde her t\u00fcrl\u00fc elektronik malzeme sto\u011funa sahiptir.<br>\u00c7ok istisnai bir durum harici par\u00e7a beklenmez, g\u00fcn i\u00e7inde tamir \/ onar\u0131m imkan\u0131 sunulur.<\/p>\n\n\n\n<p>Tamiri yap\u0131lan her sistemin ar\u0131zan\u0131n giderilmesinin yan\u0131 s\u0131ra b\u00fcnyemizde bulunan makina elektrik \u015fema ve ar\u0131za kodlar\u0131yla teknik<br>kadromuz taraf\u0131ndan ar\u0131za sebebi belirlenir ve giderilir. B\u00f6ylece ar\u0131zan\u0131n tekrarlanmas\u0131 \u00f6nlenmi\u015f olur<\/p>\n\n\n\n<p>B\u00fcnyemizde bulunan yeni yada ikinci el elektronik sistemler tamir edilmeyecek kadar hasar g\u00f6rm\u00fc\u015f sistemler i\u00e7in garantili olarak<br>siz m\u00fc\u015fterilerimizin hizmetine sunulur.<\/p>\n\n\n\n<div class=\"wp-block-image\"><figure class=\"aligncenter\"><img loading=\"lazy\" decoding=\"async\" width=\"845\" height=\"280\" src=\"http:\/\/www.proforklift.pro\/wp-content\/uploads\/2017\/10\/karttamir.jpg\" alt=\"\" class=\"wp-image-68\" srcset=\"https:\/\/www.proforklift.pro\/wp-content\/uploads\/2017\/10\/karttamir.jpg 845w, https:\/\/www.proforklift.pro\/wp-content\/uploads\/2017\/10\/karttamir-300x99.jpg 300w, https:\/\/www.proforklift.pro\/wp-content\/uploads\/2017\/10\/karttamir-768x254.jpg 768w, https:\/\/www.proforklift.pro\/wp-content\/uploads\/2017\/10\/karttamir-830x275.jpg 830w, https:\/\/www.proforklift.pro\/wp-content\/uploads\/2017\/10\/karttamir-230x76.jpg 230w, https:\/\/www.proforklift.pro\/wp-content\/uploads\/2017\/10\/karttamir-350x116.jpg 350w, https:\/\/www.proforklift.pro\/wp-content\/uploads\/2017\/10\/karttamir-480x159.jpg 480w\" sizes=\"auto, (max-width: 845px) 100vw, 845px\" \/><\/figure><\/div>\n","protected":false},"excerpt":{"rendered":"<p>Kart Tamiri Tamiri yap\u0131lan t\u00fcm sistemlerin yaz\u0131l\u0131m yedeklemesi yap\u0131l\u0131r ve orjinal yedek par\u00e7a kullan\u0131l\u0131r.Geli\u015fmi\u015f s\u00f6kme takma cihaz ve aparatlar\u0131yla PCB&#8217;nin hasar g\u00f6rmesi \u00f6nlenir. Elektronik laboratuar\u0131m\u0131z onar\u0131m\u0131n\u0131 yapt\u0131\u011f\u0131 forklift elektronik sistemlerinde her t\u00fcrl\u00fc elektronik malzeme sto\u011funa sahiptir.\u00c7ok istisnai bir durum harici par\u00e7a beklenmez, g\u00fcn i\u00e7inde tamir \/ onar\u0131m imkan\u0131 sunulur. Tamiri yap\u0131lan her sistemin ar\u0131zan\u0131n giderilmesinin [&hellip;]<\/p>\n","protected":false},"author":1,"featured_media":0,"parent":0,"menu_order":0,"comment_status":"closed","ping_status":"closed","template":"","meta":{"footnotes":""},"class_list":["post-439","page","type-page","status-publish","hentry"],"_links":{"self":[{"href":"https:\/\/www.proforklift.pro\/index.php?rest_route=\/wp\/v2\/pages\/439","targetHints":{"allow":["GET"]}}],"collection":[{"href":"https:\/\/www.proforklift.pro\/index.php?rest_route=\/wp\/v2\/pages"}],"about":[{"href":"https:\/\/www.proforklift.pro\/index.php?rest_route=\/wp\/v2\/types\/page"}],"author":[{"embeddable":true,"href":"https:\/\/www.proforklift.pro\/index.php?rest_route=\/wp\/v2\/users\/1"}],"replies":[{"embeddable":true,"href":"https:\/\/www.proforklift.pro\/index.php?rest_route=%2Fwp%2Fv2%2Fcomments&post=439"}],"version-history":[{"count":1,"href":"https:\/\/www.proforklift.pro\/index.php?rest_route=\/wp\/v2\/pages\/439\/revisions"}],"predecessor-version":[{"id":440,"href":"https:\/\/www.proforklift.pro\/index.php?rest_route=\/wp\/v2\/pages\/439\/revisions\/440"}],"wp:attachment":[{"href":"https:\/\/www.proforklift.pro\/index.php?rest_route=%2Fwp%2Fv2%2Fmedia&parent=439"}],"curies":[{"name":"wp","href":"https:\/\/api.w.org\/{rel}","templated":true}]}}